{"id":1220,"date":"2024-04-19T16:42:11","date_gmt":"2024-04-19T16:42:11","guid":{"rendered":"https:\/\/wpcoders.in\/bizmaster\/?page_id=1220"},"modified":"2025-06-06T13:54:43","modified_gmt":"2025-06-06T13:54:43","slug":"about-us","status":"publish","type":"page","link":"https:\/\/dumivi.org\/es\/about-us\/","title":{"rendered":"About us"},"content":{"rendered":"<div data-elementor-type=\"wp-page\" data-elementor-id=\"1220\" class=\"elementor elementor-1220\">\n\t\t\t\t<div class=\"elementor-element elementor-element-886e62b e-flex e-con-boxed e-con e-parent\" data-id=\"886e62b\" data-element_type=\"container\" data-e-type=\"container\">\n\t\t\t\t\t<div class=\"e-con-inner\">\n\t\t\t\t<div class=\"elementor-element elementor-element-8353eea elementor-widget elementor-widget-bizmaster-theme-section-title-one-widget\" data-id=\"8353eea\" data-element_type=\"widget\" data-e-type=\"widget\" data-widget_type=\"bizmaster-theme-section-title-one-widget.default\">\n\t\t\t\t<div class=\"elementor-widget-container\">\n\t\t\t\t\t        <div class=\"title-area\">\n                        <span class=\"sub-title\">\n                <i aria-hidden=\"true\" class=\"fas fa-play\"><\/i>Our purpose  \n            <\/span>\n                        <h2 class=\"sec-title style2\">\n            Empowering Businesses to \"Excellence\"            <\/h2>\n            \n        <\/div>\n        \t\t\t\t<\/div>\n\t\t\t\t<\/div>\n\t\t\t\t<div class=\"elementor-element elementor-element-c0421a5 e-transform e-transform elementor-widget elementor-widget-heading\" data-id=\"c0421a5\" data-element_type=\"widget\" data-e-type=\"widget\" data-settings=\"{&quot;_transform_translateX_effect&quot;:{&quot;unit&quot;:&quot;px&quot;,&quot;size&quot;:&quot;&quot;,&quot;sizes&quot;:[]},&quot;_transform_translateX_effect_tablet&quot;:{&quot;unit&quot;:&quot;px&quot;,&quot;size&quot;:&quot;&quot;,&quot;sizes&quot;:[]},&quot;_transform_translateX_effect_mobile&quot;:{&quot;unit&quot;:&quot;px&quot;,&quot;size&quot;:&quot;&quot;,&quot;sizes&quot;:[]},&quot;_transform_translateY_effect&quot;:{&quot;unit&quot;:&quot;px&quot;,&quot;size&quot;:&quot;&quot;,&quot;sizes&quot;:[]},&quot;_transform_translateY_effect_tablet&quot;:{&quot;unit&quot;:&quot;px&quot;,&quot;size&quot;:&quot;&quot;,&quot;sizes&quot;:[]},&quot;_transform_translateY_effect_mobile&quot;:{&quot;unit&quot;:&quot;px&quot;,&quot;size&quot;:&quot;&quot;,&quot;sizes&quot;:[]},&quot;_transform_scale_effect&quot;:{&quot;unit&quot;:&quot;px&quot;,&quot;size&quot;:&quot;&quot;,&quot;sizes&quot;:[]},&quot;_transform_scale_effect_tablet&quot;:{&quot;unit&quot;:&quot;px&quot;,&quot;size&quot;:&quot;&quot;,&quot;sizes&quot;:[]},&quot;_transform_scale_effect_mobile&quot;:{&quot;unit&quot;:&quot;px&quot;,&quot;size&quot;:&quot;&quot;,&quot;sizes&quot;:[]}}\" data-widget_type=\"heading.default\">\n\t\t\t\t<div class=\"elementor-widget-container\">\n\t\t\t\t\t<p class=\"elementor-heading-title elementor-size-default\">We are an IT services and solutions company with over 12 years of experience in the information technology field. Our main commitment to our clients is to ensure that the solutions we offer have a positive impact on their organizations.<\/p>\t\t\t\t<\/div>\n\t\t\t\t<\/div>\n\t\t\t\t<div class=\"elementor-element elementor-element-6bc226a elementor-widget elementor-widget-heading\" data-id=\"6bc226a\" data-element_type=\"widget\" data-e-type=\"widget\" data-widget_type=\"heading.default\">\n\t\t\t\t<div class=\"elementor-widget-container\">\n\t\t\t\t\t<h2 class=\"elementor-heading-title elementor-size-default\">Mission<\/h2>\t\t\t\t<\/div>\n\t\t\t\t<\/div>\n\t\t\t\t<div class=\"elementor-element elementor-element-97d6e72 e-transform e-transform elementor-widget elementor-widget-heading\" data-id=\"97d6e72\" data-element_type=\"widget\" data-e-type=\"widget\" data-settings=\"{&quot;_transform_translateX_effect&quot;:{&quot;unit&quot;:&quot;px&quot;,&quot;size&quot;:&quot;&quot;,&quot;sizes&quot;:[]},&quot;_transform_translateX_effect_tablet&quot;:{&quot;unit&quot;:&quot;px&quot;,&quot;size&quot;:&quot;&quot;,&quot;sizes&quot;:[]},&quot;_transform_translateX_effect_mobile&quot;:{&quot;unit&quot;:&quot;px&quot;,&quot;size&quot;:&quot;&quot;,&quot;sizes&quot;:[]},&quot;_transform_translateY_effect&quot;:{&quot;unit&quot;:&quot;px&quot;,&quot;size&quot;:&quot;&quot;,&quot;sizes&quot;:[]},&quot;_transform_translateY_effect_tablet&quot;:{&quot;unit&quot;:&quot;px&quot;,&quot;size&quot;:&quot;&quot;,&quot;sizes&quot;:[]},&quot;_transform_translateY_effect_mobile&quot;:{&quot;unit&quot;:&quot;px&quot;,&quot;size&quot;:&quot;&quot;,&quot;sizes&quot;:[]},&quot;_transform_scale_effect&quot;:{&quot;unit&quot;:&quot;px&quot;,&quot;size&quot;:&quot;&quot;,&quot;sizes&quot;:[]},&quot;_transform_scale_effect_tablet&quot;:{&quot;unit&quot;:&quot;px&quot;,&quot;size&quot;:&quot;&quot;,&quot;sizes&quot;:[]},&quot;_transform_scale_effect_mobile&quot;:{&quot;unit&quot;:&quot;px&quot;,&quot;size&quot;:&quot;&quot;,&quot;sizes&quot;:[]}}\" data-widget_type=\"heading.default\">\n\t\t\t\t<div class=\"elementor-widget-container\">\n\t\t\t\t\t<p class=\"elementor-heading-title elementor-size-default\">We work to offer advanced, high-quality IT and technological solutions, primarily management solutions for gaming operators and auxiliary equipment nationwide, transforming our ideas, values, innovations, projects, and services into value for the real needs of our potential clients. We promote the professional and personal development of the people we work with.<\/p>\t\t\t\t<\/div>\n\t\t\t\t<\/div>\n\t\t\t\t<div class=\"elementor-element elementor-element-65c3ced elementor-widget elementor-widget-heading\" data-id=\"65c3ced\" data-element_type=\"widget\" data-e-type=\"widget\" data-widget_type=\"heading.default\">\n\t\t\t\t<div class=\"elementor-widget-container\">\n\t\t\t\t\t<h2 class=\"elementor-heading-title elementor-size-default\">Vision<\/h2>\t\t\t\t<\/div>\n\t\t\t\t<\/div>\n\t\t\t\t<div class=\"elementor-element elementor-element-87b987e elementor-widget elementor-widget-text-editor\" data-id=\"87b987e\" data-element_type=\"widget\" data-e-type=\"widget\" data-widget_type=\"text-editor.default\">\n\t\t\t\t<div class=\"elementor-widget-container\">\n\t\t\t\t\t\t\t\t\t<div class=\"checklist style6\"><ul><li>We are an IT services company.<\/li><li>We want to foster the human potential of the people who work with us in every aspect.<\/li><li>We want to focus on the Customer in all our actions.<\/li><li>We want to offer high-quality Service and Support from our entire team.<\/li><li>We want to provide solid, high-quality, and technologically advanced products that allow customers to evolve their businesses and provide them with real value.<\/li><li>We want to be closer to our Customers and focus our products, services, and solutions on their current and future needs.<\/li><li>We want to offer complete, segmented, fully integrated, and real-time solutions.<\/li><li>We want to offer clear implementation, consulting, and customer services.<\/li><li>We want to have broad, more direct commercial coverage throughout the country that will increase sales and enhance solutions.<\/li><li>We want to consolidate a sustained profit strategy that will allow us to achieve our Vision.<\/li><li>We want to use the Agile model as our organizational, work, growth, and customer service model.<\/li><li>Constant and Agile Innovation across all departments, people, products, services, and activities must be the model for growth and a benchmark.<\/li><li>We aim to consolidate the transformation of the Programming department into a truly Agile team for creating new Products and Projects, with high levels of quality and efficiency.<\/li><\/ul><\/div>\t\t\t\t\t\t\t\t<\/div>\n\t\t\t\t<\/div>\n\t\t\t\t<div class=\"elementor-element elementor-element-eaf076e elementor-widget elementor-widget-heading\" data-id=\"eaf076e\" data-element_type=\"widget\" data-e-type=\"widget\" data-widget_type=\"heading.default\">\n\t\t\t\t<div class=\"elementor-widget-container\">\n\t\t\t\t\t<h2 class=\"elementor-heading-title elementor-size-default\">Valores<\/h2>\t\t\t\t<\/div>\n\t\t\t\t<\/div>\n\t\t\t\t<div class=\"elementor-element elementor-element-e02914a elementor-widget elementor-widget-text-editor\" data-id=\"e02914a\" data-element_type=\"widget\" data-e-type=\"widget\" data-widget_type=\"text-editor.default\">\n\t\t\t\t<div class=\"elementor-widget-container\">\n\t\t\t\t\t\t\t\t\t<div class=\"checklist style6\"><ul><li><i class=\"fas fa-check-circle\"><\/i>Trabajamos dentro de un marco de mejora continua, de calidad general y de Innovaci\u00f3n en toda la organizaci\u00f3n.<\/li><li><i class=\"fas fa-check-circle\"><\/i>Planificaci\u00f3n, ejecuci\u00f3n y verificaci\u00f3n.<\/li><li><i class=\"fas fa-check-circle\"><\/i>Mejora continua del trabajo y de los procesos.<\/li><li><i class=\"fas fa-check-circle\"><\/i>Metodolog\u00edas \u00c1giles.<\/li><li><i class=\"fas fa-check-circle\"><\/i>Trabajo en equipo.<\/li><li><i class=\"fas fa-check-circle\"><\/i>Respeto hacia las personas.<\/li><li><i class=\"fas fa-check-circle\"><\/i>Hechos y datos.<\/li><li><i class=\"fas fa-check-circle\"><\/i>Orientaci\u00f3n al cliente.<\/li><li><i class=\"fas fa-check-circle\"><\/i>Orientaci\u00f3n a los resultados.<\/li><li><i class=\"fas fa-check-circle\"><\/i>Elaboramos productos y servicios de alta calidad con valor real para los clientes.<\/li><li><i class=\"fas fa-check-circle\"><\/i>Estamos dentro de un marco de Innovaci\u00f3n que nos permite avanzar y transformarnos.<\/li><li><i class=\"fas fa-check-circle\"><\/i>Pasi\u00f3n por la Innovaci\u00f3n tecnol\u00f3gica y su desarrollo.<\/li><li><i class=\"fas fa-check-circle\"><\/i>Nos gusta afrontar nuevos retos tecnol\u00f3gicos.<\/li><li><i class=\"fas fa-check-circle\"><\/i>Pasi\u00f3n por la Innovaci\u00f3n global dentro de toda la organizaci\u00f3n.<\/li><li><i class=\"fas fa-check-circle\"><\/i>Compromiso con las personas.<\/li><li><i class=\"fas fa-check-circle\"><\/i>Compromiso con la sociedad.<\/li><li><i class=\"fas fa-check-circle\"><\/i>Respeto medioambiental.<\/li><li><i class=\"fas fa-check-circle\"><\/i>Responsabilidad Social Corporativa.<\/li><\/ul><\/div>\t\t\t\t\t\t\t\t<\/div>\n\t\t\t\t<\/div>\n\t\t\t\t\t<\/div>\n\t\t\t\t<\/div>\n\t\t\t\t<\/div>","protected":false},"excerpt":{"rendered":"<p>Our purpose Empowering Businesses to &#8220;Excellence&#8221; We are an IT services and solutions company with over 12 years of experience in the information technology field. Our main commitment to our clients is to ensure that the solutions we offer have a positive impact on their organizations. Mission We work to offer advanced, high-quality IT and&#8230;..<\/p>","protected":false},"author":2,"featured_media":0,"parent":0,"menu_order":0,"comment_status":"closed","ping_status":"closed","template":"","meta":{"inline_featured_image":false,"_monsterinsights_skip_tracking":false,"_monsterinsights_sitenote_active":false,"_monsterinsights_sitenote_note":"","_monsterinsights_sitenote_category":0,"ngg_post_thumbnail":0,"footnotes":""},"class_list":["post-1220","page","type-page","status-publish","hentry"],"aioseo_notices":[],"_links":{"self":[{"href":"https:\/\/dumivi.org\/es\/wp-json\/wp\/v2\/pages\/1220","targetHints":{"allow":["GET"]}}],"collection":[{"href":"https:\/\/dumivi.org\/es\/wp-json\/wp\/v2\/pages"}],"about":[{"href":"https:\/\/dumivi.org\/es\/wp-json\/wp\/v2\/types\/page"}],"author":[{"embeddable":true,"href":"https:\/\/dumivi.org\/es\/wp-json\/wp\/v2\/users\/2"}],"replies":[{"embeddable":true,"href":"https:\/\/dumivi.org\/es\/wp-json\/wp\/v2\/comments?post=1220"}],"version-history":[{"count":31,"href":"https:\/\/dumivi.org\/es\/wp-json\/wp\/v2\/pages\/1220\/revisions"}],"predecessor-version":[{"id":2190,"href":"https:\/\/dumivi.org\/es\/wp-json\/wp\/v2\/pages\/1220\/revisions\/2190"}],"wp:attachment":[{"href":"https:\/\/dumivi.org\/es\/wp-json\/wp\/v2\/media?parent=1220"}],"curies":[{"name":"wp","href":"https:\/\/api.w.org\/{rel}","templated":true}]}}